{"id":1240,"date":"2017-05-29T10:54:02","date_gmt":"2017-05-29T08:54:02","guid":{"rendered":"https:\/\/www.durm.de\/impressum\/"},"modified":"2026-04-30T12:57:19","modified_gmt":"2026-04-30T10:57:19","slug":"legal-notice","status":"publish","type":"page","link":"https:\/\/www.durm.de\/en\/legal-notice\/","title":{"rendered":"Legal notice"},"content":{"rendered":"<div class=\"wpb-content-wrapper\"><p>[vc_row][vc_column][vc_empty_space height=&#8221;80px&#8221;][vc_column_text]<\/p>\n<h1 class=\"h2\">Legal Notice<\/h1>\n<p>[\/vc_column_text][vc_empty_space height=&#8221;30px&#8221;][vc_column_text css=&#8221;&#8221;]Durm Patentanw\u00e4lte<br \/>\nPartnerschaftsgesellschaft mit beschr\u00e4nkter Berufshaftung (PartG mbB)<br \/>\nMoltkestra\u00dfe 45<br \/>\n76133 Karlsruhe \/ Germany<\/p>\n<p>P <a href=\"tel:+49721830130\">+49 721 83013-0<\/a><br \/>\nF +49 721 83013-13<br \/>\nM <a href=\"mailto:info@durm.de\">info@durm.de<\/a><\/p>\n<p>Register of partnerships at the local court Mannheim PR 100073<br \/>\nVAT-No.: DE 814 579 991<\/p>\n<p>Partners and responsible for the contents:<br \/>\nDr. Markus Petirsch, Dr. Johannes Schmid, Dr. Daniel Huber<\/p>\n<p>All partners are German Patent Attorneys, professional representatives before the European Patent Office (European Patent Attorneys) and professional representatives before the European Union Intellectual Property Office (European Trademark and Design Attorneys).<\/p>\n<p>The Patent Attorneys are members of the German Patent Lawyers\u2019 Association (Patentanwaltskammer), Tal 29, 80331 Munich, and of the Institute of Professional Representatives before the European Patent Office (epi).<\/p>\n<p>Most significant for the exercise of our profession are the Patent Attorneys Act (Patentanwaltsordnung) and the Patents Attorneys Code of Conduct (Berufsordnung der Patentanw\u00e4lte) (www.patentanwalt.de), the Rules of Professional Conduct of the epi (www.patentepi.com) as well as FICPI&#8217;s code of professional conduct (www.ficpi.org).<\/p>\n<p>Professional liability insurance with an insured sum of EUR 5,000,000 is provided by R+V Allgemeine Versicherung AG, Taunusstra\u00dfe 1, 65193 Wiesbaden.[\/vc_column_text][\/vc_column][\/vc_row][vc_row][vc_column][vc_empty_space height=&#8221;30px&#8221;][vc_column_text]<\/p>\n<hr \/>\n<p>[\/vc_column_text][\/vc_column][\/vc_row][vc_row][vc_column][vc_column_text]Picture credits<\/p>\n<p>Copyright notice according to Section 13 UrhG (German Act on Copyright and Related Rights):<\/p>\n<ul>\n<li>istock.com\/<a href=\"https:\/\/www.istockphoto.com\/de\/portfolio\/Zapp2Photo?mediatype=photography\">Zapp2Photo<\/a><\/li>\n<li>istock.com\/<a href=\"https:\/\/www.istockphoto.com\/de\/portfolio\/matejmo?mediatype=photography\">matejmo<\/a><\/li>\n<li>istock.com\/<a href=\"https:\/\/www.istockphoto.com\/de\/portfolio\/mevans?mediatype=photography\">mevans<\/a><\/li>\n<li>istock.com\/<a href=\"https:\/\/www.istockphoto.com\/de\/portfolio\/Jelena83?mediatype=photography\">Jelena83<\/a><\/li>\n<li>istock.com\/<a href=\"https:\/\/www.istockphoto.com\/de\/portfolio\/Piotr_roae?mediatype=photography\">Piotr_roae<\/a><\/li>\n<li>istock.com\/<a href=\"https:\/\/www.istockphoto.com\/de\/portfolio\/nabihariahi?mediatype=illustration\">nabihariahi<\/a><\/li>\n<\/ul>\n<p>All other pictures not mentioned here are by Manuel Barth.[\/vc_column_text][\/vc_column][\/vc_row]<\/p>\n<\/div>","protected":false},"excerpt":{"rendered":"<p>[vc_row][vc_column][vc_empty_space height=&#8221;80px&#8221;][vc_column_text] Legal Notice [\/vc_column_text][vc_empty_space height=&#8221;30px&#8221;][vc_column_text css=&#8221;&#8221;]Durm Patentanw\u00e4lte Partnerschaftsgesellschaft mit beschr\u00e4nkter Berufshaftung (PartG mbB) Moltkestra\u00dfe 45 76133 Karlsruhe \/ Germany P +49 721 83013-0 F +49 721 83013-13 M info@durm.de Register of partnerships at the local court Mannheim PR 100073 VAT-No.: DE 814 579 991 Partners and responsible for the contents: Dr. Markus Petirsch, Dr. &hellip; <a href=\"https:\/\/www.durm.de\/en\/legal-notice\/\">Continued<\/a><\/p>\n","protected":false},"author":1,"featured_media":0,"parent":0,"menu_order":0,"comment_status":"closed","ping_status":"closed","template":"","meta":{"_acf_changed":false,"footnotes":""},"class_list":["post-1240","page","type-page","status-publish","hentry"],"acf":[],"yoast_head":"<!-- This site is optimized with the Yoast SEO plugin v27.4 - https:\/\/yoast.com\/product\/yoast-seo-wordpress\/ -->\n<title>Legal notice - Durm Patentanw\u00e4lte<\/title>\n<meta name=\"robots\" content=\"index, follow, max-snippet:-1, max-image-preview:large, max-video-preview:-1\" \/>\n<link rel=\"canonical\" href=\"https:\/\/www.durm.de\/en\/legal-notice\/\" \/>\n<meta property=\"og:locale\" content=\"en_US\" \/>\n<meta property=\"og:type\" content=\"article\" \/>\n<meta property=\"og:title\" content=\"Legal notice - Durm Patentanw\u00e4lte\" \/>\n<meta property=\"og:description\" content=\"[vc_row][vc_column][vc_empty_space height=&#8221;80px&#8221;][vc_column_text] Legal Notice [\/vc_column_text][vc_empty_space height=&#8221;30px&#8221;][vc_column_text css=&#8221;&#8221;]Durm Patentanw\u00e4lte Partnerschaftsgesellschaft mit beschr\u00e4nkter Berufshaftung (PartG mbB) Moltkestra\u00dfe 45 76133 Karlsruhe \/ Germany P +49 721 83013-0 F +49 721 83013-13 M info@durm.de Register of partnerships at the local court Mannheim PR 100073 VAT-No.: DE 814 579 991 Partners and responsible for the contents: Dr. Markus Petirsch, Dr. &hellip; Continued\" \/>\n<meta property=\"og:url\" content=\"https:\/\/www.durm.de\/en\/legal-notice\/\" \/>\n<meta property=\"og:site_name\" content=\"Durm Patentanw\u00e4lte\" \/>\n<meta property=\"article:modified_time\" content=\"2026-04-30T10:57:19+00:00\" \/>\n<meta name=\"twitter:card\" content=\"summary_large_image\" \/>\n<meta name=\"twitter:label1\" content=\"Est. reading time\" \/>\n\t<meta name=\"twitter:data1\" content=\"1 minute\" \/>\n<script type=\"application\/ld+json\" class=\"yoast-schema-graph\">{\"@context\":\"https:\\\/\\\/schema.org\",\"@graph\":[{\"@type\":\"WebPage\",\"@id\":\"https:\\\/\\\/www.durm.de\\\/en\\\/legal-notice\\\/\",\"url\":\"https:\\\/\\\/www.durm.de\\\/en\\\/legal-notice\\\/\",\"name\":\"Legal notice - Durm Patentanw\u00e4lte\",\"isPartOf\":{\"@id\":\"https:\\\/\\\/www.durm.de\\\/#website\"},\"datePublished\":\"2017-05-29T08:54:02+00:00\",\"dateModified\":\"2026-04-30T10:57:19+00:00\",\"breadcrumb\":{\"@id\":\"https:\\\/\\\/www.durm.de\\\/en\\\/legal-notice\\\/#breadcrumb\"},\"inLanguage\":\"en-US\",\"potentialAction\":[{\"@type\":\"ReadAction\",\"target\":[\"https:\\\/\\\/www.durm.de\\\/en\\\/legal-notice\\\/\"]}]},{\"@type\":\"BreadcrumbList\",\"@id\":\"https:\\\/\\\/www.durm.de\\\/en\\\/legal-notice\\\/#breadcrumb\",\"itemListElement\":[{\"@type\":\"ListItem\",\"position\":1,\"name\":\"Startseite\",\"item\":\"https:\\\/\\\/www.durm.de\\\/en\\\/\"},{\"@type\":\"ListItem\",\"position\":2,\"name\":\"Legal notice\"}]},{\"@type\":\"WebSite\",\"@id\":\"https:\\\/\\\/www.durm.de\\\/#website\",\"url\":\"https:\\\/\\\/www.durm.de\\\/\",\"name\":\"Durm Patentanw\u00e4lte\",\"description\":\"\",\"publisher\":{\"@id\":\"https:\\\/\\\/www.durm.de\\\/#organization\"},\"potentialAction\":[{\"@type\":\"SearchAction\",\"target\":{\"@type\":\"EntryPoint\",\"urlTemplate\":\"https:\\\/\\\/www.durm.de\\\/?s={search_term_string}\"},\"query-input\":{\"@type\":\"PropertyValueSpecification\",\"valueRequired\":true,\"valueName\":\"search_term_string\"}}],\"inLanguage\":\"en-US\"},{\"@type\":\"Organization\",\"@id\":\"https:\\\/\\\/www.durm.de\\\/#organization\",\"name\":\"Durm Patentanw\u00e4lte\",\"url\":\"https:\\\/\\\/www.durm.de\\\/\",\"logo\":{\"@type\":\"ImageObject\",\"inLanguage\":\"en-US\",\"@id\":\"https:\\\/\\\/www.durm.de\\\/#\\\/schema\\\/logo\\\/image\\\/\",\"url\":\"https:\\\/\\\/www.durm.de\\\/wp-content\\\/uploads\\\/Header-Logo-4x-e1530027306553.png\",\"contentUrl\":\"https:\\\/\\\/www.durm.de\\\/wp-content\\\/uploads\\\/Header-Logo-4x-e1530027306553.png\",\"width\":182,\"height\":114,\"caption\":\"Durm Patentanw\u00e4lte\"},\"image\":{\"@id\":\"https:\\\/\\\/www.durm.de\\\/#\\\/schema\\\/logo\\\/image\\\/\"}}]}<\/script>\n<!-- \/ Yoast SEO plugin. -->","yoast_head_json":{"title":"Legal notice - Durm Patentanw\u00e4lte","robots":{"index":"index","follow":"follow","max-snippet":"max-snippet:-1","max-image-preview":"max-image-preview:large","max-video-preview":"max-video-preview:-1"},"canonical":"https:\/\/www.durm.de\/en\/legal-notice\/","og_locale":"en_US","og_type":"article","og_title":"Legal notice - Durm Patentanw\u00e4lte","og_description":"[vc_row][vc_column][vc_empty_space height=&#8221;80px&#8221;][vc_column_text] Legal Notice [\/vc_column_text][vc_empty_space height=&#8221;30px&#8221;][vc_column_text css=&#8221;&#8221;]Durm Patentanw\u00e4lte Partnerschaftsgesellschaft mit beschr\u00e4nkter Berufshaftung (PartG mbB) Moltkestra\u00dfe 45 76133 Karlsruhe \/ Germany P +49 721 83013-0 F +49 721 83013-13 M info@durm.de Register of partnerships at the local court Mannheim PR 100073 VAT-No.: DE 814 579 991 Partners and responsible for the contents: Dr. Markus Petirsch, Dr. &hellip; Continued","og_url":"https:\/\/www.durm.de\/en\/legal-notice\/","og_site_name":"Durm Patentanw\u00e4lte","article_modified_time":"2026-04-30T10:57:19+00:00","twitter_card":"summary_large_image","twitter_misc":{"Est. reading time":"1 minute"},"schema":{"@context":"https:\/\/schema.org","@graph":[{"@type":"WebPage","@id":"https:\/\/www.durm.de\/en\/legal-notice\/","url":"https:\/\/www.durm.de\/en\/legal-notice\/","name":"Legal notice - Durm Patentanw\u00e4lte","isPartOf":{"@id":"https:\/\/www.durm.de\/#website"},"datePublished":"2017-05-29T08:54:02+00:00","dateModified":"2026-04-30T10:57:19+00:00","breadcrumb":{"@id":"https:\/\/www.durm.de\/en\/legal-notice\/#breadcrumb"},"inLanguage":"en-US","potentialAction":[{"@type":"ReadAction","target":["https:\/\/www.durm.de\/en\/legal-notice\/"]}]},{"@type":"BreadcrumbList","@id":"https:\/\/www.durm.de\/en\/legal-notice\/#breadcrumb","itemListElement":[{"@type":"ListItem","position":1,"name":"Startseite","item":"https:\/\/www.durm.de\/en\/"},{"@type":"ListItem","position":2,"name":"Legal notice"}]},{"@type":"WebSite","@id":"https:\/\/www.durm.de\/#website","url":"https:\/\/www.durm.de\/","name":"Durm Patentanw\u00e4lte","description":"","publisher":{"@id":"https:\/\/www.durm.de\/#organization"},"potentialAction":[{"@type":"SearchAction","target":{"@type":"EntryPoint","urlTemplate":"https:\/\/www.durm.de\/?s={search_term_string}"},"query-input":{"@type":"PropertyValueSpecification","valueRequired":true,"valueName":"search_term_string"}}],"inLanguage":"en-US"},{"@type":"Organization","@id":"https:\/\/www.durm.de\/#organization","name":"Durm Patentanw\u00e4lte","url":"https:\/\/www.durm.de\/","logo":{"@type":"ImageObject","inLanguage":"en-US","@id":"https:\/\/www.durm.de\/#\/schema\/logo\/image\/","url":"https:\/\/www.durm.de\/wp-content\/uploads\/Header-Logo-4x-e1530027306553.png","contentUrl":"https:\/\/www.durm.de\/wp-content\/uploads\/Header-Logo-4x-e1530027306553.png","width":182,"height":114,"caption":"Durm Patentanw\u00e4lte"},"image":{"@id":"https:\/\/www.durm.de\/#\/schema\/logo\/image\/"}}]}},"_links":{"self":[{"href":"https:\/\/www.durm.de\/en\/wp-json\/wp\/v2\/pages\/1240","targetHints":{"allow":["GET"]}}],"collection":[{"href":"https:\/\/www.durm.de\/en\/wp-json\/wp\/v2\/pages"}],"about":[{"href":"https:\/\/www.durm.de\/en\/wp-json\/wp\/v2\/types\/page"}],"author":[{"embeddable":true,"href":"https:\/\/www.durm.de\/en\/wp-json\/wp\/v2\/users\/1"}],"replies":[{"embeddable":true,"href":"https:\/\/www.durm.de\/en\/wp-json\/wp\/v2\/comments?post=1240"}],"version-history":[{"count":6,"href":"https:\/\/www.durm.de\/en\/wp-json\/wp\/v2\/pages\/1240\/revisions"}],"predecessor-version":[{"id":2063,"href":"https:\/\/www.durm.de\/en\/wp-json\/wp\/v2\/pages\/1240\/revisions\/2063"}],"wp:attachment":[{"href":"https:\/\/www.durm.de\/en\/wp-json\/wp\/v2\/media?parent=1240"}],"curies":[{"name":"wp","href":"https:\/\/api.w.org\/{rel}","templated":true}]}}